{"id":6,"date":"2026-04-09T13:58:54","date_gmt":"2026-04-09T11:58:54","guid":{"rendered":"http:\/\/groupenoria.fr\/?page_id=6"},"modified":"2026-04-09T13:58:54","modified_gmt":"2026-04-09T11:58:54","slug":"accueil","status":"publish","type":"page","link":"https:\/\/groupenoria.fr\/","title":{"rendered":"Accueil"},"content":{"rendered":"<div class=\"capsule-home capsule-home--generated\"><section class=\"capsule-home__section capsule-home__section--hero\" data-capsule-section=\"hero\"><div class=\"capsule-home__hero capsule-home__hero--full\" style=\"background-image:url(https:\/\/groupenoria.fr\/wp-content\/uploads\/2026\/04\/NORIA-1.png)\"><div class=\"capsule-home__overlay\"><\/div><div class=\"capsule-home__inner capsule-container\"><div class=\"capsule-home__hero-content\"><h1>Faire tourner l\u2019\u00e9conomie industrielle dans le bon sens !<\/h1><p>Le Groupe Noria f\u00e9d\u00e8re des expertises industrielles de pointe pour accompagner la transformation et la performance des entreprises. Un engagement fort pour une industrie durable et innovante.<\/p><\/div><\/div><\/div><\/section><section class=\"capsule-home__section capsule-home__section--activities\" id=\"filiales\"><div class=\"capsule-container\"><h2 class=\"capsule-home__section-title capsule-home__section-title--accent\">Les filiales du groupe noria<\/h2><div class=\"capsule-home__section-intro\"><p>Gr\u00e2ce \u00e0 nos 3 filiales, nous d\u00e9ployons un <strong>savoir-faire complet<\/strong> en&nbsp;m\u00e9canique de pr\u00e9cision&nbsp;et en r\u00e9alisation de&nbsp;<strong>machines sp\u00e9ciales<\/strong>. Notre offre couvre la fabrication, <strong>l'assemblage<\/strong>,<strong> le convoyage<\/strong> et <strong>la manutention<\/strong>, garantissant des solutions pr\u00eates \u00e0 l\u2019emploi. De l'automatisation de vos moyens industriels \u00e0 la maintenance, nous mettons notre <strong>agilit\u00e9 technique<\/strong> au service de la <strong>r\u00e9novation<\/strong> et de l'<strong>optimisation<\/strong> de votre parc machine.<\/p><\/div><div class=\"capsule-home__cards-grid\"><article class=\"capsule-home__service-card\" style=\"background:#fafafa;\"><div class=\"capsule-home__service-icon capsule-home__service-icon--img\"><img decoding=\"async\" src=\"https:\/\/groupenoria.fr\/wp-content\/uploads\/2026\/04\/Logo-Focus-Indukstry-300x108.png\" alt=\"\"><\/div><div class=\"capsule-home__service-sep\"><\/div><p>Nous nous occupons de la fabrication de pi\u00e8ces m\u00e9caniques, de l'assemblage et de la mise au point de sous-ensembles et de machines sp\u00e9ciales.<\/p><a class=\"capsule-home__service-btn\" href=\"http:\/\/focus-industrie.fr\/\" target=\"_blank\" rel=\"noopener noreferrer\" style=\"background:#ed6a37;\">Voir le site<\/a><\/article><article class=\"capsule-home__service-card\" style=\"background:#fafafa;\"><div class=\"capsule-home__service-icon capsule-home__service-icon--img\"><img decoding=\"async\" src=\"https:\/\/groupenoria.fr\/wp-content\/uploads\/2026\/04\/lbcc-logo-header-retina-1-removebg-preview.png\" alt=\"\"><\/div><div class=\"capsule-home__service-sep\"><\/div><p>Usinage, convoyage, manutention. 3 entit\u00e9s pour d\u00e9ployer notre savoir-faire et notre polyvalence \u00e0 travers des solutions industrielles cl\u00e9 en main.<\/p><a class=\"capsule-home__service-btn\" href=\"https:\/\/www.lbcc.fr\/\" target=\"_blank\" rel=\"noopener noreferrer\" style=\"background:#ed6a37;\">Voir le site<\/a><\/article><article class=\"capsule-home__service-card\" style=\"background:#fafafa;\"><div class=\"capsule-home__service-icon capsule-home__service-icon--img\"><img decoding=\"async\" src=\"https:\/\/groupenoria.fr\/wp-content\/uploads\/2026\/04\/LOGO-FERMAUT-COLOR-300x107.png\" alt=\"\"><\/div><div class=\"capsule-home__service-sep\"><\/div><p>Sp\u00e9cialiste de la sous-traitance en maintenance et en r\u00e9novation m\u00e9canique, automatisation de moyens industriels, et m\u00e9canique de pr\u00e9cision.<\/p><a class=\"capsule-home__service-btn\" href=\"https:\/\/fr.linkedin.com\/company\/fermaut-sas\" target=\"_blank\" rel=\"noopener noreferrer\" style=\"background:#ed6a37;\">Voir le site<\/a><\/article><\/div><\/div><\/section><section class=\"capsule-home__section capsule-home__section--about\" id=\"engagements\"><div class=\"capsule-container\"><h2 class=\"capsule-home__about-section-title\">Les engagements du groupe noria<\/h2><div class=\"capsule-home__about-grid\"><div class=\"capsule-home__about-card\" style=\"background:#152f4e;\"><h2 style=\"color:#ed6a37;\">L\u2019excellence industrielle au service d&#039;un cycle vertueux.<\/h2><div class=\"capsule-home__about-text\"><p>Le Groupe Noria est n\u00e9 de l'alliance strat\u00e9gique entre <strong>Focus Industrie<\/strong>, <strong>LBCC<\/strong> et <strong>Fermaut<\/strong>, avec une ambition claire : <strong>faire tourner l\u2019\u00e9conomie industrielle dans le bon sens<\/strong>. En adoptant un mod\u00e8le <strong>vertueux<\/strong>, nous pla\u00e7ons le respect de l'humain et de la plan\u00e8te au m\u00eame niveau que la <strong>performance \u00e9conomique<\/strong> pour garantir un d\u00e9veloppement r\u00e9ellement viable et vivable.<\/p><p>Notre mission consiste \u00e0 <strong>unir<\/strong> nos expertises pour concevoir des solutions <strong>innovantes<\/strong> et fabriquer des pi\u00e8ces m\u00e9caniques fiables, soutenant ainsi une industrie fran\u00e7aise plus <strong>comp\u00e9titive<\/strong> et <strong>responsable<\/strong>.<\/p><p>Port\u00e9 par des valeurs de proximit\u00e9, de curiosit\u00e9 et d'excellence m\u00e9tier, le <strong>Groupe Noria<\/strong> s'engage \u00e0 transformer chaque projet en un levier de <strong>vitalit\u00e9<\/strong> pour nos territoires et de <strong>r\u00e9ussite<\/strong> pour nos clients.<\/p><\/div><\/div><div class=\"capsule-home__about-media\"><img decoding=\"async\" src=\"https:\/\/groupenoria.fr\/wp-content\/uploads\/2026\/04\/gettyimages-2211363409-2048x2048-1.png\" alt=\"\"><\/div><\/div><\/div><\/section><section class=\"capsule-home__section capsule-home__section--stats\" id=\"chiffres-cles\"><div class=\"capsule-home__stats-bar\"><div class=\"capsule-container capsule-home__stats-grid\"><div class=\"capsule-home__stat-item\"><div class=\"capsule-home__stat-value\">3<\/div><div class=\"capsule-home__stat-label\">bureaux d&#039;\u00e9tudes<\/div><\/div><div class=\"capsule-home__stat-item\"><div class=\"capsule-home__stat-value\">XXX<\/div><div class=\"capsule-home__stat-label\">collaborateurs<\/div><\/div><div class=\"capsule-home__stat-item\"><div class=\"capsule-home__stat-value\">2<\/div><div class=\"capsule-home__stat-label\">unit\u00e9s de production<\/div><\/div><\/div><\/div><\/section><section class=\"capsule-home__section capsule-home__section--contact\" id=\"contact\"><div class=\"capsule-container\"><div class=\"capsule-home__contact-grid\"><div class=\"capsule-home__contact-main\"><h2 class=\"capsule-home__contact-title\">Contacter le groupe noria<\/h2><div class=\"capsule-home__contact-intro\"><p>Vous avez un projet ou besoin d'une expertise technique ? Nos \u00e9quipes sont \u00e0 votre \u00e9coute pour analyser vos besoins et vous proposer des solutions sur-mesure.<\/p><\/div><form class=\"capsule-home__contact-form capsule-form\" method=\"post\" data-form-id=\"form_1775739632158\" data-ajax-url=\"https:\/\/groupenoria.fr\/wp-admin\/admin-ajax.php\" novalidate><input type=\"hidden\" id=\"capsule_form_nonce\" name=\"capsule_form_nonce\" value=\"49dde1dde6\" \/><input type=\"hidden\" name=\"_wp_http_referer\" value=\"\/index.php?rest_route=%2Fwp%2Fv2%2Fpages%2F6\" \/><input type=\"hidden\" name=\"action\" value=\"capsule_submit_form\"><input type=\"hidden\" name=\"capsule_form_id\" value=\"form_1775739632158\"><noscript><div style=\"padding:12px;background:#fef2f2;color:#991b1b;border:1px solid #fecaca;border-radius:8px;margin-bottom:12px;font-size:14px;\">JavaScript est requis pour envoyer ce formulaire. Veuillez l'activer dans votre navigateur.<\/div><\/noscript><div style=\"display:none;\"><input type=\"text\" name=\"capsule_hp_field\" value=\"\" autocomplete=\"off\" tabindex=\"-1\"><\/div><div class=\"capsule-form__fields\"><div class=\"capsule-form__field\"><label for=\"cf_field_1775739648175\">Entreprise <span class=\"capsule-form__req\">*<\/span><\/label><input type=\"text\" id=\"cf_field_1775739648175\" name=\"cf_field_1775739648175\" placeholder=\"\" required><\/div><div class=\"capsule-form__field capsule-form__field--half\"><label for=\"cf_field_1775739651293\">Nom <span class=\"capsule-form__req\">*<\/span><\/label><input type=\"text\" id=\"cf_field_1775739651293\" name=\"cf_field_1775739651293\" placeholder=\"\" required><\/div><div class=\"capsule-form__field capsule-form__field--half\"><label for=\"cf_field_1775739651745\">Pr\u00e9nom <span class=\"capsule-form__req\">*<\/span><\/label><input type=\"text\" id=\"cf_field_1775739651745\" name=\"cf_field_1775739651745\" placeholder=\"\" required><\/div><div class=\"capsule-form__field capsule-form__field--half\"><label for=\"cf_field_1775739671797\">Email <span class=\"capsule-form__req\">*<\/span><\/label><input type=\"email\" id=\"cf_field_1775739671797\" name=\"cf_field_1775739671797\" placeholder=\"\" required><\/div><div class=\"capsule-form__field capsule-form__field--half\"><label for=\"cf_field_1775739676423\">T\u00e9l\u00e9phone<\/label><input type=\"tel\" id=\"cf_field_1775739676423\" name=\"cf_field_1775739676423\" placeholder=\"\"><\/div><div class=\"capsule-form__field\"><label for=\"cf_field_1775739690886\">Objet de la demande<\/label><input type=\"text\" id=\"cf_field_1775739690886\" name=\"cf_field_1775739690886\" placeholder=\"\"><\/div><div class=\"capsule-form__field\"><label for=\"cf_field_1775739697294\">Message <span class=\"capsule-form__req\">*<\/span><\/label><textarea id=\"cf_field_1775739697294\" name=\"cf_field_1775739697294\" rows=\"4\" placeholder=\"\" required><\/textarea><\/div><div class=\"capsule-form__field\"><label class=\"capsule-form__checkbox\"><input type=\"checkbox\" id=\"cf_field_1775739888711\" name=\"cf_field_1775739888711\" value=\"1\"> En soumettant ce formulaire de contact, j&#039;accepte que les informations saisies soient exploit\u00e9es dans le cadre de ma demande. Pour conna\u00eetre et exercer vos droits, notamment de retrait de votre consentement \u00e0 l&#039;utilisation des donn\u00e9es collect\u00e9es par ce formulaire, veuillez consulter les conditions g\u00e9n\u00e9rales d&#039;utilisation li\u00e9es \u00e0 la\u00a0gestion des donn\u00e9es personnelles.<\/label><\/div><div class=\"capsule-form__actions\"><button type=\"submit\">Envoyer<\/button><\/div><\/div><\/form><div class=\"capsule-form__response\" data-form-response=\"form_1775739632158\" style=\"display:none;\"><\/div><\/div><aside class=\"capsule-home__contact-aside\" style=\"background:#f8f8f8;\"><div class=\"capsule-home__contact-map\"><img decoding=\"async\" src=\"https:\/\/groupenoria.fr\/wp-content\/uploads\/2026\/04\/Calque_1.png\" alt=\"\"><\/div><div class=\"capsule-home__contact-sites\"><div class=\"capsule-home__contact-site\"><h3>Focus industrie<\/h3><div class=\"capsule-home__contact-site-text\">P.A de la Verte Rue,<br \/>\r\n683 rue des Roseaux<br \/>\r\nBP103, 59270 Bailleul<\/div><div class=\"capsule-home__contact-site-phone\"><a href=\"tel:0328503200\">03 28 50 32 00<\/a><\/div><\/div><div class=\"capsule-home__contact-site\"><h3>LBCC<\/h3><div class=\"capsule-home__contact-site-text\">Parc des Industries Artois Flandres,<br \/>\r\n251 Av. de Sofia<br \/>\r\n62138 Billy-Berclau<\/div><div class=\"capsule-home__contact-site-phone\"><a href=\"tel:0321794990\">03 21 79 49 90<\/a><\/div><\/div><div class=\"capsule-home__contact-site\"><h3>Fermaut<\/h3><div class=\"capsule-home__contact-site-text\">ZA Des monts de Flandre,<br \/>\r\n440 rue de l\u2019Haeghe Doorne<br \/>\r\n59270 M\u00e9teren<\/div><div class=\"capsule-home__contact-site-phone\"><a href=\"tel:0328440720\">03 28 44 07 20<\/a><\/div><\/div><\/div><\/aside><\/div><\/div><\/section><\/div>\n","protected":false},"excerpt":{"rendered":"","protected":false},"author":1,"featured_media":0,"parent":0,"menu_order":0,"comment_status":"closed","ping_status":"closed","template":"","meta":{"footnotes":""},"class_list":["post-6","page","type-page","status-publish","hentry"],"_links":{"self":[{"href":"https:\/\/groupenoria.fr\/index.php?rest_route=\/wp\/v2\/pages\/6","targetHints":{"allow":["GET"]}}],"collection":[{"href":"https:\/\/groupenoria.fr\/index.php?rest_route=\/wp\/v2\/pages"}],"about":[{"href":"https:\/\/groupenoria.fr\/index.php?rest_route=\/wp\/v2\/types\/page"}],"author":[{"embeddable":true,"href":"https:\/\/groupenoria.fr\/index.php?rest_route=\/wp\/v2\/users\/1"}],"replies":[{"embeddable":true,"href":"https:\/\/groupenoria.fr\/index.php?rest_route=%2Fwp%2Fv2%2Fcomments&post=6"}],"version-history":[{"count":0,"href":"https:\/\/groupenoria.fr\/index.php?rest_route=\/wp\/v2\/pages\/6\/revisions"}],"wp:attachment":[{"href":"https:\/\/groupenoria.fr\/index.php?rest_route=%2Fwp%2Fv2%2Fmedia&parent=6"}],"curies":[{"name":"wp","href":"https:\/\/api.w.org\/{rel}","templated":true}]}}